{"id":24,"date":"2014-09-09T17:42:04","date_gmt":"2014-09-09T17:42:04","guid":{"rendered":"http:\/\/growler.progressionstudios.com\/?page_id=24"},"modified":"2017-03-30T08:43:40","modified_gmt":"2017-03-30T08:43:40","slug":"brauerei","status":"publish","type":"page","link":"https:\/\/brosianer.de\/en\/brauerei\/","title":{"rendered":"Brauerei"},"content":{"rendered":"<h1><strong>Die famili\u00e4re Craft-Bier Brauerei Brosianer in Hohentengen <\/strong><\/h1>\n<p><img loading=\"lazy\" class=\"alignright wp-image-163 size-large\" src=\"http:\/\/brosianer.de\/wp-content\/uploads\/2014\/09\/Brauteam-Brosianer-1024x683.jpg\" alt=\"\" width=\"640\" height=\"427\" srcset=\"https:\/\/brosianer.de\/wp-content\/uploads\/2014\/09\/Brauteam-Brosianer-1024x683.jpg 1024w, https:\/\/brosianer.de\/wp-content\/uploads\/2014\/09\/Brauteam-Brosianer-300x200.jpg 300w, https:\/\/brosianer.de\/wp-content\/uploads\/2014\/09\/Brauteam-Brosianer-768x512.jpg 768w, https:\/\/brosianer.de\/wp-content\/uploads\/2014\/09\/Brauteam-Brosianer-600x400.jpg 600w\" sizes=\"(max-width: 640px) 100vw, 640px\" \/><\/p>\n<p>Hohentengen ist als Weinbaugemeinde weitherum bekannt. Seit 2015 gibt es im Ortsteil G\u00fcnzgen auch eine kleine Craft Brauerei: Die \u201eBrosianer\u201c haben sich der Herstellung ganz spezieller Genussbiere verschrieben, handgemacht und aus nat\u00fcrlichen Rohstoffen von Hand gebraut. F\u00fcr uns \u201eBrosianer\u201c steht das pure, urspr\u00fcngliche Handwerk der Brauereikunst im Mittelpunkt.<\/p>\n<p><strong>Bierbrauerfamilie kreiert innovative Biere<\/strong><\/p>\n<p>Dirk Sch\u00e4uble, Eigent\u00fcmer und Gesch\u00e4ftsf\u00fchrer hat gemeinsam mit seiner Frau Claudia, Vater Franz und Schwiegervater Roland die \u201eBrosianer\u201c gegr\u00fcndet. Dabei bleiben sie der Tradition ungefilterter Biere treu und schlagen mit innovativen Bierkreationen ein neues Kapitel der regionalen Braugeschichte auf.<\/p>\n<p>&nbsp;<\/p>\n<p>&nbsp;<\/p>\n<p>[one_half_first]<img loading=\"lazy\" class=\"alignnone size-large wp-image-292\" src=\"http:\/\/brosianer.de\/wp-content\/uploads\/2014\/09\/Brosianer-Rohmaterialien-1024x683.jpg\" alt=\"\" width=\"640\" height=\"427\" srcset=\"https:\/\/brosianer.de\/wp-content\/uploads\/2014\/09\/Brosianer-Rohmaterialien-1024x683.jpg 1024w, https:\/\/brosianer.de\/wp-content\/uploads\/2014\/09\/Brosianer-Rohmaterialien-300x200.jpg 300w, https:\/\/brosianer.de\/wp-content\/uploads\/2014\/09\/Brosianer-Rohmaterialien-768x512.jpg 768w, https:\/\/brosianer.de\/wp-content\/uploads\/2014\/09\/Brosianer-Rohmaterialien-600x400.jpg 600w, https:\/\/brosianer.de\/wp-content\/uploads\/2014\/09\/Brosianer-Rohmaterialien.jpg 1200w\" sizes=\"(max-width: 640px) 100vw, 640px\" \/><br \/>\n[\/one_half_first]<br \/>\n[one_half_last]<\/p>\n<h2><span style=\"padding-top: 20px;\">Familie Sch\u00e4uble \u2013 die Brosis aus G\u00fcnzgen<\/span><\/h2>\n<p>Der Name Brosianer stammt aus der Zeit, als es noch sehr viele Sch\u00e4ubles in G\u00fcnzgen gab und jede Familie zur Unterscheidung einen \u00dcbernamen trug, in diesem Fall \u201edie Brosis\u201c. 2009 entdeckte Dirk Sch\u00e4uble per Zufall in einer Zeitschrift, wie sich Bier selber brauen l\u00e4sst und begann mit einem 20-Liter-Set zu experimentieren. Ziemlich schnell wurde ihm klar, es braucht eine professionelle Anlage mit gro\u00dfem Kessel, um ein wirklich gutes Bier zu machen. [\/one_half_last]<\/p>\n<p>[one_half_first]<\/p>\n<p>&nbsp;<\/p>\n<h2><strong>Aus der alten Scheune wird ein Brauraum<\/strong><\/h2>\n<p>Nach und nach wurde die Anlage optimiert und bis 2015 auf 600 Liter erweitert. In der ehemaligen Scheune entstanden ein getrennter Lager-, K\u00fchl- und Brauraum. Wie in einer gro\u00dfen Brauerei werden die gesetzlichen Auflagen zu Hygiene und Arbeitssicherheit eingehalten. Die Brosianer z\u00e4hlen sich zur Craft-Beer-Szene, die auch in Deutschland immer mehr Anh\u00e4nger findet.<\/p>\n<p>[\/one_half_first]<\/p>\n<p>[one_half_last] <img loading=\"lazy\" class=\"alignnone size-full wp-image-167\" src=\"http:\/\/brosianer.de\/wp-content\/uploads\/2014\/09\/brosianer-distributors.png\" alt=\"\" width=\"714\" height=\"362\" srcset=\"https:\/\/brosianer.de\/wp-content\/uploads\/2014\/09\/brosianer-distributors.png 714w, https:\/\/brosianer.de\/wp-content\/uploads\/2014\/09\/brosianer-distributors-300x152.png 300w, https:\/\/brosianer.de\/wp-content\/uploads\/2014\/09\/brosianer-distributors-600x304.png 600w\" sizes=\"(max-width: 714px) 100vw, 714px\" \/> [\/one_half_last]<\/p>\n<h2><\/h2>\n<p>&nbsp;<\/p>\n","protected":false},"excerpt":{"rendered":"<p>Die famili\u00e4re Craft-Bier Brauerei Brosianer in Hohentengen Hohentengen ist als Weinbaugemeinde weitherum bekannt. Seit 2015 gibt es im Ortsteil G\u00fcnzgen auch eine kleine Craft Brauerei: Die \u201eBrosianer\u201c haben sich der Herstellung ganz spezieller Genussbiere verschrieben, handgemacht und aus nat\u00fcrlichen Rohstoffen von Hand gebraut. F\u00fcr uns \u201eBrosianer\u201c steht das pure, urspr\u00fcngliche Handwerk der Brauereikunst im Mittelpunkt. [&hellip;]<\/p>\n","protected":false},"author":1,"featured_media":229,"parent":0,"menu_order":0,"comment_status":"open","ping_status":"open","template":"page-full-width.php","meta":[],"_links":{"self":[{"href":"https:\/\/brosianer.de\/en\/wp-json\/wp\/v2\/pages\/24"}],"collection":[{"href":"https:\/\/brosianer.de\/en\/wp-json\/wp\/v2\/pages"}],"about":[{"href":"https:\/\/brosianer.de\/en\/wp-json\/wp\/v2\/types\/page"}],"author":[{"embeddable":true,"href":"https:\/\/brosianer.de\/en\/wp-json\/wp\/v2\/users\/1"}],"replies":[{"embeddable":true,"href":"https:\/\/brosianer.de\/en\/wp-json\/wp\/v2\/comments?post=24"}],"version-history":[{"count":17,"href":"https:\/\/brosianer.de\/en\/wp-json\/wp\/v2\/pages\/24\/revisions"}],"predecessor-version":[{"id":362,"href":"https:\/\/brosianer.de\/en\/wp-json\/wp\/v2\/pages\/24\/revisions\/362"}],"wp:featuredmedia":[{"embeddable":true,"href":"https:\/\/brosianer.de\/en\/wp-json\/wp\/v2\/media\/229"}],"wp:attachment":[{"href":"https:\/\/brosianer.de\/en\/wp-json\/wp\/v2\/media?parent=24"}],"curies":[{"name":"wp","href":"https:\/\/api.w.org\/{rel}","templated":true}]}}