{"id":186,"date":"2017-03-06T21:13:20","date_gmt":"2017-03-06T21:13:20","guid":{"rendered":"http:\/\/brosianer.de\/?page_id=186"},"modified":"2018-08-31T10:28:25","modified_gmt":"2018-08-31T10:28:25","slug":"impressum","status":"publish","type":"page","link":"https:\/\/brosianer.de\/en\/impressum\/","title":{"rendered":"Impressum"},"content":{"rendered":"<p>[one_third_first]Schaffhauserstrasse 18a<br \/>\n79801 Hohentengen -G\u00fcnzgen<br \/>\nTelefon: +49 7742 &#8211; 857060<br \/>\nE-Mail: <a href=\"mailto:info@brosianer.de\">info@brosianer.de<\/a><br \/>\nInternet: <a href=\"http:\/\/www.brosianer.de\" target=\"_blank\">www.brosianer.de<\/a><br \/>\nVertretungsberechtigter: Dirk Sch\u00e4uble<br \/>\nInhaltlich Verantwortlicher gem\u00e4\u00df \u00a7 55 Abs. 2 RStV: Dirk Sch\u00e4uble.[\/one_third_first][one_third]<strong>Haftungshinweis<\/strong><br \/>\nTrotz sorgf\u00e4ltiger inhaltlicher Kontrolle \u00fcbernehmen wir keine Haftung f\u00fcr die Inhalte externer Links. F\u00fcr den Inhalt der verlinkten Seiten sind ausschlie\u00dflich deren Betreiber verantwortlich.[\/one_third][one_third_last]<strong>Bildnachweise<\/strong><br \/>\nUrheber und Bildquelle der im Original-Layout &#8220;Modern Responsive&#8221; verwendeten Bilder:<br \/>\nwater flow effect1 \u00a9 2jenn #6784706 \/ fotolia.de<br \/>\nwasser \u00a9 MAK #3109244 \/ fotolia.de[\/one_third_last]<\/p>","protected":false},"excerpt":{"rendered":"<p>[one_third_first]Schaffhauserstrasse 18a 79801 Hohentengen -G\u00fcnzgen Telefon: +49 7742 &#8211; 857060 E-Mail: info@brosianer.de Internet: www.brosianer.de Vertretungsberechtigter: Dirk Sch\u00e4uble Inhaltlich Verantwortlicher gem\u00e4\u00df \u00a7 55 Abs. 2 RStV: Dirk Sch\u00e4uble.[\/one_third_first][one_third]Haftungshinweis Trotz sorgf\u00e4ltiger inhaltlicher Kontrolle \u00fcbernehmen wir keine Haftung f\u00fcr die Inhalte externer Links. F\u00fcr den Inhalt der verlinkten Seiten sind ausschlie\u00dflich deren Betreiber verantwortlich.[\/one_third][one_third_last]Bildnachweise Urheber und Bildquelle der [&hellip;]<\/p>\n","protected":false},"author":1,"featured_media":0,"parent":0,"menu_order":0,"comment_status":"closed","ping_status":"closed","template":"page-full-width.php","meta":[],"_links":{"self":[{"href":"https:\/\/brosianer.de\/en\/wp-json\/wp\/v2\/pages\/186"}],"collection":[{"href":"https:\/\/brosianer.de\/en\/wp-json\/wp\/v2\/pages"}],"about":[{"href":"https:\/\/brosianer.de\/en\/wp-json\/wp\/v2\/types\/page"}],"author":[{"embeddable":true,"href":"https:\/\/brosianer.de\/en\/wp-json\/wp\/v2\/users\/1"}],"replies":[{"embeddable":true,"href":"https:\/\/brosianer.de\/en\/wp-json\/wp\/v2\/comments?post=186"}],"version-history":[{"count":5,"href":"https:\/\/brosianer.de\/en\/wp-json\/wp\/v2\/pages\/186\/revisions"}],"predecessor-version":[{"id":493,"href":"https:\/\/brosianer.de\/en\/wp-json\/wp\/v2\/pages\/186\/revisions\/493"}],"wp:attachment":[{"href":"https:\/\/brosianer.de\/en\/wp-json\/wp\/v2\/media?parent=186"}],"curies":[{"name":"wp","href":"https:\/\/api.w.org\/{rel}","templated":true}]}}